{"id":128,"date":"2015-06-09T11:31:56","date_gmt":"2015-06-09T09:31:56","guid":{"rendered":"http:\/\/www.kiefernduene.de\/wordpress\/?page_id=128"},"modified":"2018-03-24T12:04:22","modified_gmt":"2018-03-24T11:04:22","slug":"impressum","status":"publish","type":"page","link":"https:\/\/www.kiefernduene.de\/wordpress\/impressum\/","title":{"rendered":"Impressum"},"content":{"rendered":"<p style=\"text-align: justify;\"><span style=\"font-family: Georgia;\"><u>1. Inhaltlich Verantwortlicher<\/u><br \/>\n<span style=\"font-family: Georgia;\">Frau<\/span><br \/>\n<span style=\"font-family: Georgia;\">Gabriele Beate Holtz<\/span><br \/>\n<span style=\"font-family: Georgia;\">Heimstra\u00dfe 6<\/span><br \/>\n<span style=\"font-family: Georgia;\">D 17419 Seebad Ahlbeck \/ Insel Usedom<\/span><br \/>\n<span style=\"font-family: Georgia;\">Telefon: +49 ( 38378 ) 28268<\/span><br \/>\n<span style=\"font-family: Georgia;\">Telefax: +49 ( 38378 ) 28221<\/span><\/span><\/p>\n<p style=\"text-align: justify;\"><span style=\"font-family: Georgia;\"> <u>2. technische Betreuung, Fotos &amp; Umsetzung <\/u><\/span><br \/>\n<span style=\"font-family: Georgia;\">fritz-computer<\/span><br \/>\n<span style=\"font-family: Georgia;\">Inh. Carsten Fritz<\/span><br \/>\n<span style=\"font-family: Georgia;\">Friedrich-Schiller-Stra\u00dfe 22<\/span><br \/>\n<span style=\"font-family: Georgia;\">D 17419 Seebad Ahlbeck \/ Insel Usedom<\/span><br \/>\n<span style=\"font-family: Georgia;\">Telefon: +49 ( 38378 ) 28971<\/span><br \/>\n<span style=\"font-family: Georgia;\">Telefax: +49 ( 38378 ) 28973<\/span><\/p>\n<p>&amp;<br \/>\n<span style=\"font-family: Georgia;\"><strong>Mandy Knuth Photography<br \/>\nMandy Knuth<br \/>\n<\/strong><\/span><span style=\"font-family: Georgia;\">Puschkinstr. 17<br \/>\n<\/span><span style=\"font-family: Georgia;\">17424 Seebad Heringsdorf \/\u00a0Insel Usedom<br \/>\n<\/span><span style=\"font-family: Georgia;\">Mobil: +49 173 5721198<\/span><\/p>\n<p style=\"text-align: justify;\"><u><span style=\"font-family: Georgia;\">3. Allgemeine Informationen<\/span><\/u><\/p>\n<p style=\"text-align: justify;\"><span style=\"font-family: Georgia;\"><strong>Haftung f\u00fcr Inhalte<\/strong><br \/>\nAls Diensteanbieter sind wir gem\u00e4\u00df \u00a7 7 Abs.1 TMG f\u00fcr eigene Inhalte auf diesen Seiten nach den allgemeinen Gesetzen verantwortlich. Nach \u00a7\u00a7 8 bis 10 TMG sind wir als Diensteanbieter jedoch nicht verpflichtet, \u00fcbermittelte oder gespeicherte fremde Informationen zu \u00fcberwachen oder nach Umst\u00e4nden zu forschen, die auf eine rechtswidrige T\u00e4tigkeit hinweisen. Verpflichtungen zur Entfernung oder Sperrung der Nutzung von Informationen nach den allgemeinen Gesetzen bleiben hiervon unber\u00fchrt. Eine diesbez\u00fcgliche Haftung ist jedoch erst ab dem Zeitpunkt der Kenntnis einer konkreten Rechtsverletzung m\u00f6glich. Bei Bekanntwerden von entsprechenden Rechtsverletzungen werden wir diese Inhalte umgehend entfernen.<\/span><\/p>\n<p style=\"text-align: justify;\"><span style=\"font-family: Georgia;\"><strong>Haftung f\u00fcr Links<\/strong><br \/>\nUnser Angebot enth\u00e4lt Links zu externen Webseiten Dritter, auf deren Inhalte wir keinen Einfluss haben. Deshalb k\u00f6nnen wir f\u00fcr diese fremden Inhalte auch keine Gew\u00e4hr \u00fcbernehmen. F\u00fcr die Inhalte der verlinkten Seiten ist stets der jeweilige Anbieter oder Betreiber der Seiten verantwortlich. Die verlinkten Seiten wurden zum Zeitpunkt der Verlinkung auf m\u00f6gliche Rechtsverst\u00f6\u00dfe \u00fcberpr\u00fcft. Rechtswidrige Inhalte waren zum Zeitpunkt der Verlinkung nicht erkennbar. Eine permanente inhaltliche Kontrolle der verlinkten Seiten ist jedoch ohne konkrete Anhaltspunkte einer Rechtsverletzung nicht zumutbar. Bei Bekanntwerden von Rechtsverletzungen werden wir derartige Links umgehend entfernen.<\/span><\/p>\n","protected":false},"excerpt":{"rendered":"<p>1. Inhaltlich Verantwortlicher Frau Gabriele Beate Holtz Heimstra\u00dfe 6 D 17419 Seebad Ahlbeck \/ Insel Usedom Telefon: +49 ( 38378 ) 28268 Telefax: +49 ( 38378 ) 28221 2. technische Betreuung, Fotos &amp; Umsetzung fritz-computer Inh. Carsten Fritz Friedrich-Schiller-Stra\u00dfe 22 [&hellip;]<\/p>\n","protected":false},"author":2,"featured_media":0,"parent":0,"menu_order":0,"comment_status":"closed","ping_status":"closed","template":"","meta":{"jetpack_post_was_ever_published":false,"footnotes":""},"class_list":["post-128","page","type-page","status-publish","hentry"],"jetpack_sharing_enabled":false,"jetpack_shortlink":"https:\/\/wp.me\/P6jQCj-24","_links":{"self":[{"href":"https:\/\/www.kiefernduene.de\/wordpress\/wp-json\/wp\/v2\/pages\/128","targetHints":{"allow":["GET"]}}],"collection":[{"href":"https:\/\/www.kiefernduene.de\/wordpress\/wp-json\/wp\/v2\/pages"}],"about":[{"href":"https:\/\/www.kiefernduene.de\/wordpress\/wp-json\/wp\/v2\/types\/page"}],"author":[{"embeddable":true,"href":"https:\/\/www.kiefernduene.de\/wordpress\/wp-json\/wp\/v2\/users\/2"}],"replies":[{"embeddable":true,"href":"https:\/\/www.kiefernduene.de\/wordpress\/wp-json\/wp\/v2\/comments?post=128"}],"version-history":[{"count":5,"href":"https:\/\/www.kiefernduene.de\/wordpress\/wp-json\/wp\/v2\/pages\/128\/revisions"}],"predecessor-version":[{"id":847,"href":"https:\/\/www.kiefernduene.de\/wordpress\/wp-json\/wp\/v2\/pages\/128\/revisions\/847"}],"wp:attachment":[{"href":"https:\/\/www.kiefernduene.de\/wordpress\/wp-json\/wp\/v2\/media?parent=128"}],"curies":[{"name":"wp","href":"https:\/\/api.w.org\/{rel}","templated":true}]}}