{"id":14,"date":"2015-06-08T12:13:34","date_gmt":"2015-06-08T10:13:34","guid":{"rendered":"http:\/\/www.kiefernduene.de\/wordpress\/?page_id=14"},"modified":"2024-03-11T09:40:10","modified_gmt":"2024-03-11T08:40:10","slug":"startseite","status":"publish","type":"page","link":"https:\/\/www.kiefernduene.de\/wordpress\/","title":{"rendered":"Startseite"},"content":{"rendered":"<p style=\"text-align: center;\"><b><span style=\"font-family: Georgia;\"><u>Herzlich Willkommen im Seebad Ahlbeck auf der Sonneninsel Usedom!<\/u><\/span><\/b><\/p>\n<p style=\"text-align: center;\"><span style=\"font-family: Georgia;\">Die &#8222;Pension Kiefernduene&#8220;, <span style=\"font-family: Georgia;\"><u><b><span style=\"font-family: Georgia;\">ein<\/span><\/b> <b><span style=\"font-family: Georgia;\"><u>Familienbetrieb in 4. Generation.<\/u><\/span><\/b><\/u><\/span><\/span><\/p>\n<p style=\"text-align: center;\"><span style=\"font-family: Georgia;\">Die &#8222;Pension Kiefernduene&#8220; liegt parallel zu der neu restaurierten,<br \/>\nautofreien Kaiserpromenade auf einer Kiefernd\u00fcne.<br \/>\nEine ruhige strand- und waldnahe Lage zeichnen uns aus. Nur eine H\u00e4userreihe,<br \/>\nder in bekannter B\u00e4derarchitektur gestalten Strandvillen,<br \/>\ntrennen Sie vom Meer und unserer Pension.<\/span><\/p>\n<p style=\"text-align: center;\"><span style=\"font-family: Georgia;\">Entfernung zur Seebr\u00fccke, Konzertplatz und zum Ortskern<\/span><br \/>\n<span style=\"font-family: Georgia;\">ca. 7 min. Umfangreiche Unterhaltungs- und Einkaufsm\u00f6glichkeiten<\/span><br \/>\n<span style=\"font-family: Georgia;\">finden Sie in unmittelbarer N\u00e4he.<\/span><\/p>\n<div id=\"attachment_602\" style=\"width: 310px\" class=\"wp-caption aligncenter\"><img data-recalc-dims=\"1\" loading=\"lazy\" decoding=\"async\" aria-describedby=\"caption-attachment-602\" class=\"wp-image-602 size-medium\" src=\"https:\/\/i0.wp.com\/www.kiefernduene.de\/wordpress\/wp-content\/uploads\/2015\/06\/HausKiefernduene12.jpg?resize=300%2C200\" alt=\"\" width=\"300\" height=\"200\" srcset=\"https:\/\/i0.wp.com\/www.kiefernduene.de\/wordpress\/wp-content\/uploads\/2015\/06\/HausKiefernduene12.jpg?resize=300%2C200&amp;ssl=1 300w, https:\/\/i0.wp.com\/www.kiefernduene.de\/wordpress\/wp-content\/uploads\/2015\/06\/HausKiefernduene12.jpg?w=1011&amp;ssl=1 1011w\" sizes=\"auto, (max-width: 300px) 100vw, 300px\" \/><p id=\"caption-attachment-602\" class=\"wp-caption-text\">Au\u00dfenansicht Haus Kiefernduene<\/p><\/div>\n<p>&nbsp;<\/p>\n<p><span style=\"font-family: Georgia;\"><strong>Achtung Vermieterwechsel!<\/strong><\/span><\/p>\n<p><span style=\"font-family: Georgia;\">Das Objekt, Ansprechpartner sowie die Buchungsdetails finden Sie auf der Seite von <a href=\"https:\/\/www.traumdomizil-usedom.de\/kiefernduene\" target=\"_blank\" rel=\"noopener\">Traumdomizil<\/a><\/span><\/p>\n<p><span style=\"font-family: Georgia;\"><strong>Telefonisch erreichen Sie die Firma Traumdomizil unter 038378 47720<\/strong><\/span><\/p>\n<p>~~~~~~<\/p>\n<p><span style=\"font-family: Georgia;\"><em><strong>Gleichzeitig bedanken wir uns bei unseren vielen G\u00e4sten, die uns so lange die Treue gehalten haben und w\u00fcnschen Ihnen weiter sch\u00f6ne Urlaubstage in unseren FEWO\u00b4s, professionell betreut durch die Firma Traumdomizil, wir verabschieden uns in den mit 70 Jahren wohlverdienten Ruhestand.<\/strong><\/em><\/span><\/p>\n<p><span style=\"font-family: Georgia;\">~~~<em><strong>Vielen Dank~~~<\/strong><\/em><\/span><\/p>\n<p style=\"text-align: center;\"><span style=\"font-family: Georgia;\"><span style=\"color: #cc0000;\">\u00a0<\/span><\/span><\/p>\n","protected":false},"excerpt":{"rendered":"<p>Herzlich Willkommen im Seebad Ahlbeck auf der Sonneninsel Usedom! Die &#8222;Pension Kiefernduene&#8220;, ein Familienbetrieb in 4. Generation. Die &#8222;Pension Kiefernduene&#8220; liegt parallel zu der neu restaurierten, autofreien Kaiserpromenade auf einer Kiefernd\u00fcne. Eine ruhige strand- und waldnahe Lage zeichnen uns aus. [&hellip;]<\/p>\n","protected":false},"author":2,"featured_media":0,"parent":0,"menu_order":0,"comment_status":"closed","ping_status":"closed","template":"","meta":{"jetpack_post_was_ever_published":false,"footnotes":""},"class_list":["post-14","page","type-page","status-publish","hentry"],"jetpack_sharing_enabled":false,"jetpack_shortlink":"https:\/\/wp.me\/P6jQCj-e","_links":{"self":[{"href":"https:\/\/www.kiefernduene.de\/wordpress\/wp-json\/wp\/v2\/pages\/14","targetHints":{"allow":["GET"]}}],"collection":[{"href":"https:\/\/www.kiefernduene.de\/wordpress\/wp-json\/wp\/v2\/pages"}],"about":[{"href":"https:\/\/www.kiefernduene.de\/wordpress\/wp-json\/wp\/v2\/types\/page"}],"author":[{"embeddable":true,"href":"https:\/\/www.kiefernduene.de\/wordpress\/wp-json\/wp\/v2\/users\/2"}],"replies":[{"embeddable":true,"href":"https:\/\/www.kiefernduene.de\/wordpress\/wp-json\/wp\/v2\/comments?post=14"}],"version-history":[{"count":5,"href":"https:\/\/www.kiefernduene.de\/wordpress\/wp-json\/wp\/v2\/pages\/14\/revisions"}],"predecessor-version":[{"id":983,"href":"https:\/\/www.kiefernduene.de\/wordpress\/wp-json\/wp\/v2\/pages\/14\/revisions\/983"}],"wp:attachment":[{"href":"https:\/\/www.kiefernduene.de\/wordpress\/wp-json\/wp\/v2\/media?parent=14"}],"curies":[{"name":"wp","href":"https:\/\/api.w.org\/{rel}","templated":true}]}}