{"id":20,"date":"2015-06-08T12:56:54","date_gmt":"2015-06-08T10:56:54","guid":{"rendered":"http:\/\/www.kiefernduene.de\/wordpress\/?page_id=20"},"modified":"2024-03-11T09:30:22","modified_gmt":"2024-03-11T08:30:22","slug":"kontakt","status":"publish","type":"page","link":"https:\/\/www.kiefernduene.de\/wordpress\/kontakt\/","title":{"rendered":"Kontakt"},"content":{"rendered":"<p style=\"text-align: justify;\"><span style=\"font-family: Georgia;\">F\u00fcr Informationen, Termine und Buchungen wenden Sie sich einfach an:<\/span><\/p>\n<p style=\"text-align: justify;\"><strong><span style=\"font-family: Georgia;\">Achtung Vermieterwechsel!<\/span><\/strong><\/p>\n<p style=\"text-align: justify;\"><span style=\"font-family: Georgia;\">Das Objekt, Ansprechpartner sowie die Buchungsdetails finden Sie auf der Seite von <a href=\"https:\/\/www.traumdomizil-usedom.de\/kiefernduene\" target=\"_blank\" rel=\"noopener\">Traumdomizil<\/a><\/span><\/p>\n<p style=\"text-align: justify;\"><span style=\"font-family: Georgia;\"><strong>Telefonisch erreichen Sie die Firma Traumdomizil unter 038378 47720<\/strong><\/span><\/p>\n<p style=\"text-align: justify;\"><span style=\"font-family: Georgia;\"><em><strong>Gleichzeitig bedanken wir uns bei unseren vielen G\u00e4sten, die uns so lange die Treue gehalten haben und w\u00fcnschen Ihnen weiter sch\u00f6ne Urlaubstage in unseren FEWO\u00b4s, professionell betreut durch die Firma Traumdomizil, wir verabschieden uns in den mit 70 Jahren wohlverdienten Ruhestand.<\/strong><\/em><br \/>\n<em><strong>Vielen Dank<\/strong><\/em><\/span><\/p>\n<p style=\"text-align: justify;\"><span style=\"font-family: Georgia;\"><strong>Anreise:<\/strong><\/span><br \/>\n<span style=\"font-family: Georgia;\"><span style=\"font-family: Georgia;\">* mit dem PKW A20 Abfahrt Anklam &#8211; Usedom &#8211; Seebad Ahlbeck<\/span><br \/>\n* mit dem Zug (UBB) bis Bahnhof Seebad Ahlbeck &#8211; Abholservice<\/span><br \/>\n<span style=\"font-family: Georgia;\">* mit dem Flieger bis Flughafen Heringsdorf &#8211; Abholservice<\/span><\/p>\n","protected":false},"excerpt":{"rendered":"<p>F\u00fcr Informationen, Termine und Buchungen wenden Sie sich einfach an: Achtung Vermieterwechsel! Das Objekt, Ansprechpartner sowie die Buchungsdetails finden Sie auf der Seite von Traumdomizil Telefonisch erreichen Sie die Firma Traumdomizil unter 038378 47720 Gleichzeitig bedanken wir uns bei unseren [&hellip;]<\/p>\n","protected":false},"author":2,"featured_media":0,"parent":0,"menu_order":0,"comment_status":"closed","ping_status":"closed","template":"","meta":{"jetpack_post_was_ever_published":false,"footnotes":""},"class_list":["post-20","page","type-page","status-publish","hentry"],"jetpack_sharing_enabled":false,"jetpack_shortlink":"https:\/\/wp.me\/P6jQCj-k","_links":{"self":[{"href":"https:\/\/www.kiefernduene.de\/wordpress\/wp-json\/wp\/v2\/pages\/20","targetHints":{"allow":["GET"]}}],"collection":[{"href":"https:\/\/www.kiefernduene.de\/wordpress\/wp-json\/wp\/v2\/pages"}],"about":[{"href":"https:\/\/www.kiefernduene.de\/wordpress\/wp-json\/wp\/v2\/types\/page"}],"author":[{"embeddable":true,"href":"https:\/\/www.kiefernduene.de\/wordpress\/wp-json\/wp\/v2\/users\/2"}],"replies":[{"embeddable":true,"href":"https:\/\/www.kiefernduene.de\/wordpress\/wp-json\/wp\/v2\/comments?post=20"}],"version-history":[{"count":5,"href":"https:\/\/www.kiefernduene.de\/wordpress\/wp-json\/wp\/v2\/pages\/20\/revisions"}],"predecessor-version":[{"id":977,"href":"https:\/\/www.kiefernduene.de\/wordpress\/wp-json\/wp\/v2\/pages\/20\/revisions\/977"}],"wp:attachment":[{"href":"https:\/\/www.kiefernduene.de\/wordpress\/wp-json\/wp\/v2\/media?parent=20"}],"curies":[{"name":"wp","href":"https:\/\/api.w.org\/{rel}","templated":true}]}}