{"id":395,"date":"2015-06-10T17:01:52","date_gmt":"2015-06-10T15:01:52","guid":{"rendered":"http:\/\/www.kiefernduene.de\/wordpress\/?page_id=395"},"modified":"2024-06-26T09:50:27","modified_gmt":"2024-06-26T07:50:27","slug":"3-zimmer-wohnung","status":"publish","type":"page","link":"https:\/\/www.kiefernduene.de\/wordpress\/3-zimmer-wohnung\/","title":{"rendered":"3-Zimmer-Wohnung"},"content":{"rendered":"<p style=\"text-align: justify;\"><b><span style=\"font-family: Georgia;\"><u>Die 3-Zimmer-Ferienwohnung (gro\u00dfe FEWO 1.OG) See &amp; S\u00fcdseite befindet sich <\/u><\/span><\/b><b><span style=\"font-family: Georgia;\"><u>direkt im <\/u><\/span><\/b><b><span style=\"font-family: Georgia;\"><u>Haus Kiefernduene<br \/>\n<\/u><\/span><\/b><\/p>\n<p style=\"text-align: justify;\"><span style=\"font-family: Georgia;\"><span style=\"font-family: Georgia;\">Unsere gro\u00dfe Ferienwohnung ist ca. 70 m\u00b2 und ausgestattet mit einem Wohnzimmer mit Balkon zur S\u00fcdseite, einem Schlafzimmer f\u00fcr 2 Personen, einem weiteren kleinen Schlafzimmer (Kinderzimmer), Flur, Bad mit Dusche\/ WC, 2tes WC und separater K\u00fcche mit Sitzecke.<br \/>\n<\/span><\/span><\/p>\n<p class=\"jetpack-slideshow-noscript robots-nocontent\">Diese Diashow ben\u00f6tigt JavaScript.<\/p><div id=\"gallery-395-1-slideshow\" class=\"jetpack-slideshow-window jetpack-slideshow jetpack-slideshow-black\" data-trans=\"fade\" data-autostart=\"1\" data-gallery=\"[{&quot;src&quot;:&quot;https:\\\/\\\/i0.wp.com\\\/www.kiefernduene.de\\\/wordpress\\\/wp-content\\\/uploads\\\/2015\\\/06\\\/HausKiefernduene11.jpg?fit=1011%2C674\\u0026ssl=1&quot;,&quot;id&quot;:&quot;572&quot;,&quot;title&quot;:&quot;Au\\u00dfenansicht Haus Kiefernduene1&quot;,&quot;alt&quot;:&quot;&quot;,&quot;caption&quot;:&quot;Au\\u00dfenansicht Haus Kiefernduene&quot;,&quot;itemprop&quot;:&quot;image&quot;},{&quot;src&quot;:&quot;https:\\\/\\\/i0.wp.com\\\/www.kiefernduene.de\\\/wordpress\\\/wp-content\\\/uploads\\\/2015\\\/06\\\/Ansicht1.jpg?fit=953%2C715\\u0026ssl=1&quot;,&quot;id&quot;:&quot;397&quot;,&quot;title&quot;:&quot;Au\\u00dfenansicht Haus Kiefernduene&quot;,&quot;alt&quot;:&quot;&quot;,&quot;caption&quot;:&quot;Au\\u00dfenansicht Haus Kiefernduene&quot;,&quot;itemprop&quot;:&quot;image&quot;},{&quot;src&quot;:&quot;https:\\\/\\\/i0.wp.com\\\/www.kiefernduene.de\\\/wordpress\\\/wp-content\\\/uploads\\\/2015\\\/06\\\/C_grWhgWZ.jpg?fit=1011%2C674\\u0026ssl=1&quot;,&quot;id&quot;:&quot;401&quot;,&quot;title&quot;:&quot;Wohnzimmer mit Balkon&quot;,&quot;alt&quot;:&quot;&quot;,&quot;caption&quot;:&quot;Wohnzimmer mit Balkon&quot;,&quot;itemprop&quot;:&quot;image&quot;},{&quot;src&quot;:&quot;https:\\\/\\\/i0.wp.com\\\/www.kiefernduene.de\\\/wordpress\\\/wp-content\\\/uploads\\\/2015\\\/06\\\/A_grWhgWZ2.jpg?fit=1011%2C674\\u0026ssl=1&quot;,&quot;id&quot;:&quot;399&quot;,&quot;title&quot;:&quot;Wohnzimmer mit Balkon&quot;,&quot;alt&quot;:&quot;&quot;,&quot;caption&quot;:&quot;Wohnzimmer mit Balkon&quot;,&quot;itemprop&quot;:&quot;image&quot;},{&quot;src&quot;:&quot;https:\\\/\\\/i0.wp.com\\\/www.kiefernduene.de\\\/wordpress\\\/wp-content\\\/uploads\\\/2015\\\/06\\\/H_grWhgBalkon1.jpg?fit=1011%2C674\\u0026ssl=1&quot;,&quot;id&quot;:&quot;406&quot;,&quot;title&quot;:&quot;Wohnbereich mit Balkon&quot;,&quot;alt&quot;:&quot;&quot;,&quot;caption&quot;:&quot;Wohnbereich mit Balkon&quot;,&quot;itemprop&quot;:&quot;image&quot;},{&quot;src&quot;:&quot;https:\\\/\\\/i0.wp.com\\\/www.kiefernduene.de\\\/wordpress\\\/wp-content\\\/uploads\\\/2015\\\/06\\\/I_grWhgBalkon.jpg?fit=1011%2C674\\u0026ssl=1&quot;,&quot;id&quot;:&quot;407&quot;,&quot;title&quot;:&quot;Blick vom Balkon&quot;,&quot;alt&quot;:&quot;&quot;,&quot;caption&quot;:&quot;Blick vom Balkon&quot;,&quot;itemprop&quot;:&quot;image&quot;},{&quot;src&quot;:&quot;https:\\\/\\\/i0.wp.com\\\/www.kiefernduene.de\\\/wordpress\\\/wp-content\\\/uploads\\\/2015\\\/06\\\/D_grWhgSZ1_1.jpg?fit=1011%2C674\\u0026ssl=1&quot;,&quot;id&quot;:&quot;402&quot;,&quot;title&quot;:&quot;Schlafbereich&quot;,&quot;alt&quot;:&quot;&quot;,&quot;caption&quot;:&quot;Schlafbereich&quot;,&quot;itemprop&quot;:&quot;image&quot;},{&quot;src&quot;:&quot;https:\\\/\\\/i0.wp.com\\\/www.kiefernduene.de\\\/wordpress\\\/wp-content\\\/uploads\\\/2015\\\/06\\\/F_grWhgSZ.jpg?fit=1011%2C674\\u0026ssl=1&quot;,&quot;id&quot;:&quot;404&quot;,&quot;title&quot;:&quot;Schlafbereich&quot;,&quot;alt&quot;:&quot;&quot;,&quot;caption&quot;:&quot;Schlafbereich&quot;,&quot;itemprop&quot;:&quot;image&quot;},{&quot;src&quot;:&quot;https:\\\/\\\/i0.wp.com\\\/www.kiefernduene.de\\\/wordpress\\\/wp-content\\\/uploads\\\/2015\\\/06\\\/G_grWhgSZ2.jpg?fit=674%2C1011\\u0026ssl=1&quot;,&quot;id&quot;:&quot;405&quot;,&quot;title&quot;:&quot;weiterer Schlafbereich&quot;,&quot;alt&quot;:&quot;&quot;,&quot;caption&quot;:&quot;weiterer Schlafbereich&quot;,&quot;itemprop&quot;:&quot;image&quot;},{&quot;src&quot;:&quot;https:\\\/\\\/i0.wp.com\\\/www.kiefernduene.de\\\/wordpress\\\/wp-content\\\/uploads\\\/2015\\\/06\\\/M_grWhgKue1.jpg?fit=674%2C1011\\u0026ssl=1&quot;,&quot;id&quot;:&quot;411&quot;,&quot;title&quot;:&quot;K\\u00fcchenbereich mit Essecke&quot;,&quot;alt&quot;:&quot;&quot;,&quot;caption&quot;:&quot;K\\u00fcchenbereich mit Essecke&quot;,&quot;itemprop&quot;:&quot;image&quot;},{&quot;src&quot;:&quot;https:\\\/\\\/i0.wp.com\\\/www.kiefernduene.de\\\/wordpress\\\/wp-content\\\/uploads\\\/2015\\\/06\\\/J_grWhgKue.jpg?fit=674%2C1011\\u0026ssl=1&quot;,&quot;id&quot;:&quot;409&quot;,&quot;title&quot;:&quot;K\\u00fcchenbereich mit Essecke&quot;,&quot;alt&quot;:&quot;&quot;,&quot;caption&quot;:&quot;K\\u00fcchenbereich mit Essecke&quot;,&quot;itemprop&quot;:&quot;image&quot;},{&quot;src&quot;:&quot;https:\\\/\\\/i0.wp.com\\\/www.kiefernduene.de\\\/wordpress\\\/wp-content\\\/uploads\\\/2015\\\/06\\\/J_grWhgBad1.jpg?fit=674%2C1011\\u0026ssl=1&quot;,&quot;id&quot;:&quot;408&quot;,&quot;title&quot;:&quot;Badbereich mit Dusche und WC&quot;,&quot;alt&quot;:&quot;&quot;,&quot;caption&quot;:&quot;Badbereich mit Dusche und WC&quot;,&quot;itemprop&quot;:&quot;image&quot;},{&quot;src&quot;:&quot;https:\\\/\\\/i0.wp.com\\\/www.kiefernduene.de\\\/wordpress\\\/wp-content\\\/uploads\\\/2015\\\/06\\\/L_grWhgBad.jpg?fit=674%2C1011\\u0026ssl=1&quot;,&quot;id&quot;:&quot;410&quot;,&quot;title&quot;:&quot;Badbereich mit Dusche und WC&quot;,&quot;alt&quot;:&quot;&quot;,&quot;caption&quot;:&quot;Badbereich mit Dusche und WC&quot;,&quot;itemprop&quot;:&quot;image&quot;}]\" itemscope itemtype=\"https:\/\/schema.org\/ImageGallery\"><\/div>\n<p style=\"text-align: center;\"><span style=\"font-family: Georgia;\"><span style=\"font-family: Georgia;\"><br \/>\n<span style=\"color: #ff0000;\"><strong>Anfragen bitte \u00fcber <u>Gabriele Holtz<\/u>, Heimstra\u00dfe 6 \u2022 17419 Seebad Ahlbeck<\/strong><\/span><br \/>\n<span style=\"color: #ff0000;\"><strong>Telefon (038378) 28268 \u2022 Telefax (038378) 28221<\/strong><\/span><br \/>\n<\/span><\/span><\/p>\n<table width=\"636\">\n<tbody>\n<tr>\n<td style=\"text-align: center;\" colspan=\"4\" width=\"636\"><strong>Saisonzeiten und Preise gelten f\u00fcr 4 Personen<br \/>\n<\/strong><\/td>\n<\/tr>\n<tr>\n<td><\/td>\n<td style=\"text-align: center;\" width=\"160\"><strong>SAISONZEIT<br \/>\n<\/strong><\/td>\n<td style=\"text-align: center;\" width=\"124\"><\/td>\n<td style=\"text-align: center;\" width=\"124\"><\/td>\n<\/tr>\n<tr>\n<td><\/td>\n<td style=\"text-align: center;\" width=\"160\">01.01.2025 &#8211; 31.12.2025<\/td>\n<td style=\"text-align: center;\" width=\"124\"><\/td>\n<td style=\"text-align: center;\" width=\"124\"><\/td>\n<\/tr>\n<tr>\n<td><\/td>\n<\/tr>\n<tr>\n<td width=\"228\"><\/td>\n<td style=\"text-align: center;\" rowspan=\"3\" width=\"160\">&nbsp;<\/p>\n<p>190,00<span style=\"color: #ffffff;\">_<\/span>EUR<\/td>\n<td style=\"text-align: center;\" rowspan=\"3\" width=\"124\"><\/td>\n<td style=\"text-align: center;\" rowspan=\"3\" width=\"124\"><\/td>\n<\/tr>\n<tr>\n<td width=\"228\"><strong>3-Zimmer-Ferienwohnung<\/strong><\/td>\n<\/tr>\n<tr>\n<td width=\"228\"><strong>(gro\u00dfe FEWO &#8211; 1.OG)<\/strong><\/td>\n<\/tr>\n<tr>\n<td colspan=\"2\">\n<p style=\"text-align: center;\"><b><u><br \/>\n<span style=\"font-family: Georgia;\">Service-\/\u00dcbernachtungspauschale<\/span><\/u><\/b><\/p>\n<p style=\"text-align: center;\"><b><u><span style=\"font-family: Georgia;\">48,00 EUR<\/span><\/u><\/b><\/p>\n<p style=\"text-align: left;\"><b><u><br \/>\n<\/u><\/b><span style=\"font-family: Georgia;\"><i>* inklusive Bettw\u00e4sche\/ Dusch- und Handt\u00fccher<\/i><br \/>\n<i>* inklusive ein PKW-Stellplatz<\/i><br \/>\n<i>* <\/i><i>Hol-bring Service BUS, Bahn und Flughafen Heringsdorf<\/i><i><\/i><br \/>\n<i>* Waschmaschine, <\/i><i>Fahrradunterstellm\u00f6glichkeit, Endreinigung<\/i><\/span><\/p>\n<p><span style=\"font-family: Georgia;\"><b><u>Abreise bis 10:00 Uhr<\/u><\/b>\/<br \/>\n<b><u>Anreise ab 14:00 &#8211; 18:00 Uhr<\/u><\/b><\/span><\/p>\n<p><span style=\"font-family: Georgia;\"><b><u>Kurtaxabgabe<\/u><\/b><br \/>\nentsprechend der Jahreszeit bei Anreise<\/span><\/p>\n<p><span style=\"font-family: Georgia;\"><b><u>Kein Fr\u00fchst\u00fcck<\/u><\/b><\/span><\/p>\n<p><span style=\"font-family: Georgia;\"><b><u>WLAN Frei<\/u><\/b><br \/>\n<\/span><\/td>\n<td><\/td>\n<td><\/td>\n<\/tr>\n<\/tbody>\n<\/table>\n<p style=\"text-align: center;\"><strong><span style=\"font-family: Georgia;\">\u00a0<\/span><\/strong><\/p>\n","protected":false},"excerpt":{"rendered":"<p>Die 3-Zimmer-Ferienwohnung (gro\u00dfe FEWO 1.OG) See &amp; S\u00fcdseite befindet sich direkt im Haus Kiefernduene Unsere gro\u00dfe Ferienwohnung ist ca. 70 m\u00b2 und ausgestattet mit einem Wohnzimmer mit Balkon zur S\u00fcdseite, einem Schlafzimmer f\u00fcr 2 Personen, einem weiteren kleinen Schlafzimmer (Kinderzimmer), [&hellip;]<\/p>\n","protected":false},"author":2,"featured_media":0,"parent":0,"menu_order":0,"comment_status":"closed","ping_status":"closed","template":"","meta":{"jetpack_post_was_ever_published":false,"footnotes":""},"class_list":["post-395","page","type-page","status-publish","hentry"],"jetpack_sharing_enabled":false,"jetpack_shortlink":"https:\/\/wp.me\/P6jQCj-6n","_links":{"self":[{"href":"https:\/\/www.kiefernduene.de\/wordpress\/wp-json\/wp\/v2\/pages\/395","targetHints":{"allow":["GET"]}}],"collection":[{"href":"https:\/\/www.kiefernduene.de\/wordpress\/wp-json\/wp\/v2\/pages"}],"about":[{"href":"https:\/\/www.kiefernduene.de\/wordpress\/wp-json\/wp\/v2\/types\/page"}],"author":[{"embeddable":true,"href":"https:\/\/www.kiefernduene.de\/wordpress\/wp-json\/wp\/v2\/users\/2"}],"replies":[{"embeddable":true,"href":"https:\/\/www.kiefernduene.de\/wordpress\/wp-json\/wp\/v2\/comments?post=395"}],"version-history":[{"count":5,"href":"https:\/\/www.kiefernduene.de\/wordpress\/wp-json\/wp\/v2\/pages\/395\/revisions"}],"predecessor-version":[{"id":993,"href":"https:\/\/www.kiefernduene.de\/wordpress\/wp-json\/wp\/v2\/pages\/395\/revisions\/993"}],"wp:attachment":[{"href":"https:\/\/www.kiefernduene.de\/wordpress\/wp-json\/wp\/v2\/media?parent=395"}],"curies":[{"name":"wp","href":"https:\/\/api.w.org\/{rel}","templated":true}]}}