{"id":416,"date":"2015-06-10T17:18:01","date_gmt":"2015-06-10T15:18:01","guid":{"rendered":"http:\/\/www.kiefernduene.de\/wordpress\/?page_id=416"},"modified":"2023-12-22T10:01:33","modified_gmt":"2023-12-22T09:01:33","slug":"bungalow","status":"publish","type":"page","link":"https:\/\/www.kiefernduene.de\/wordpress\/bungalow\/","title":{"rendered":"Bungalow"},"content":{"rendered":"<p><b><span style=\"font-family: Georgia;\"><u>Der 2011 gebaute &#8222;barrierefreie&#8220; Bungalow befindet sich \u00f6stlich auf dem Grundst\u00fcck der &#8222;Pension Kiefernduene&#8220;<\/u><\/span><\/b><\/p>\n<p style=\"text-align: justify;\"><span style=\"font-family: Georgia;\"><span style=\"font-family: Georgia;\"><span style=\"font-family: Georgia;\"><span style=\"font-family: Georgia;\"> <u>Der Bungalow besteht aus:<\/u><br \/>\nBungalow (rechts), 25 m\u00b2 gro\u00dfe 1-Raum-Ferienwohnung f\u00fcr 2 Personen &#8211; barrierefreier Wohn-\/Schlafraum mit Doppelbettcouch, Essecke, Kamin, K\u00fcchenzeile\u00a0mit Sp\u00fclmaschine, Fernsehen SAT\/Radio, Bad mit Dusche\/WC, eigene abgeschlossene S\u00fcdostterrasse mit Strandkorb und S\u00fcdwest Gartenterrasse. (Preise siehe &#8222;Bungalow rechts&#8220;)<\/span><\/span><\/span><\/span><\/p>\n<p style=\"text-align: justify;\">Bungalow (links), 25 m\u00b2 gro\u00dfe 1-Raum-Ferienwohnung f\u00fcr 2 Personen\u00a0 &#8211; ausgestattet mit einem Wohn\/-Schlafzimmer mit franz\u00f6sischem Doppelbett, K\u00fcchenzeile mit kleinem Essbereich, Bad mit WC\/Dusche, S\u00fcdwest Gartenterrasse. (Preise siehe &#8222;Bungalow links&#8220;)<\/p>\n<p style=\"text-align: justify;\"><span style=\"font-family: Georgia;\">Beide R\u00e4umlichkeiten sind mit Doppelt\u00fcr verbunden und k\u00f6nnen als gro\u00dfe Ferienwohnung kombiniert werden. (Preise siehe &#8222;Ferienwohnung&#8220;)<\/span><\/p>\n<p style=\"text-align: center;\"><strong><span style=\"font-family: Georgia;\"><a href=\"http:\/\/www.kiefernduene.de\/wordpress\/preise\/\" target=\"_blank\" rel=\"noopener\">hier gelangen Sie zur Preisliste<\/a><br \/>\n<\/span><\/strong><\/p>\n<p class=\"jetpack-slideshow-noscript robots-nocontent\">Diese Diashow ben\u00f6tigt JavaScript.<\/p><div id=\"gallery-416-1-slideshow\" class=\"jetpack-slideshow-window jetpack-slideshow jetpack-slideshow-black\" data-trans=\"fade\" data-autostart=\"1\" data-gallery=\"[{&quot;src&quot;:&quot;https:\\\/\\\/i0.wp.com\\\/www.kiefernduene.de\\\/wordpress\\\/wp-content\\\/uploads\\\/2015\\\/06\\\/Bungalow1.jpg?fit=1011%2C674\\u0026ssl=1&quot;,&quot;id&quot;:&quot;590&quot;,&quot;title&quot;:&quot;Bungalow1&quot;,&quot;alt&quot;:&quot;&quot;,&quot;caption&quot;:&quot;Au\\u00dfenansicht Bungalow&quot;,&quot;itemprop&quot;:&quot;image&quot;},{&quot;src&quot;:&quot;https:\\\/\\\/i0.wp.com\\\/www.kiefernduene.de\\\/wordpress\\\/wp-content\\\/uploads\\\/2015\\\/06\\\/Bungalow41.jpg?fit=1011%2C674\\u0026ssl=1&quot;,&quot;id&quot;:&quot;591&quot;,&quot;title&quot;:&quot;Bungalow4&quot;,&quot;alt&quot;:&quot;&quot;,&quot;caption&quot;:&quot;Au\\u00dfenansicht Bungalow&quot;,&quot;itemprop&quot;:&quot;image&quot;},{&quot;src&quot;:&quot;https:\\\/\\\/i0.wp.com\\\/www.kiefernduene.de\\\/wordpress\\\/wp-content\\\/uploads\\\/2015\\\/06\\\/A_Bungalow_Wohnen.jpg?fit=953%2C715\\u0026ssl=1&quot;,&quot;id&quot;:&quot;592&quot;,&quot;title&quot;:&quot;A_Bungalow_Wohnen&quot;,&quot;alt&quot;:&quot;&quot;,&quot;caption&quot;:&quot;Wohnbereich&quot;,&quot;itemprop&quot;:&quot;image&quot;},{&quot;src&quot;:&quot;https:\\\/\\\/i0.wp.com\\\/www.kiefernduene.de\\\/wordpress\\\/wp-content\\\/uploads\\\/2015\\\/06\\\/B_Bungalow_Wohnen1.jpg?fit=953%2C715\\u0026ssl=1&quot;,&quot;id&quot;:&quot;593&quot;,&quot;title&quot;:&quot;B_Bungalow_Wohnen1&quot;,&quot;alt&quot;:&quot;&quot;,&quot;caption&quot;:&quot;Wohnbereich&quot;,&quot;itemprop&quot;:&quot;image&quot;},{&quot;src&quot;:&quot;https:\\\/\\\/i0.wp.com\\\/www.kiefernduene.de\\\/wordpress\\\/wp-content\\\/uploads\\\/2015\\\/06\\\/C_Bungalow_Kueche.jpg?fit=953%2C715\\u0026ssl=1&quot;,&quot;id&quot;:&quot;594&quot;,&quot;title&quot;:&quot;C_Bungalow_Kueche&quot;,&quot;alt&quot;:&quot;&quot;,&quot;caption&quot;:&quot;Wohnbereich mit K\\u00fcchenzeile&quot;,&quot;itemprop&quot;:&quot;image&quot;},{&quot;src&quot;:&quot;https:\\\/\\\/i0.wp.com\\\/www.kiefernduene.de\\\/wordpress\\\/wp-content\\\/uploads\\\/2015\\\/06\\\/D_Schlafzimmer.jpg?fit=953%2C715\\u0026ssl=1&quot;,&quot;id&quot;:&quot;595&quot;,&quot;title&quot;:&quot;D_Schlafzimmer&quot;,&quot;alt&quot;:&quot;&quot;,&quot;caption&quot;:&quot;Wohn-\\\/ Schlafbereich&quot;,&quot;itemprop&quot;:&quot;image&quot;},{&quot;src&quot;:&quot;https:\\\/\\\/i0.wp.com\\\/www.kiefernduene.de\\\/wordpress\\\/wp-content\\\/uploads\\\/2015\\\/06\\\/E_Bungalow_Bad.jpg?fit=953%2C715\\u0026ssl=1&quot;,&quot;id&quot;:&quot;596&quot;,&quot;title&quot;:&quot;E_Bungalow_Bad&quot;,&quot;alt&quot;:&quot;&quot;,&quot;caption&quot;:&quot;Bad mit Dusche\\\/ WC&quot;,&quot;itemprop&quot;:&quot;image&quot;}]\" itemscope itemtype=\"https:\/\/schema.org\/ImageGallery\"><\/div>\n","protected":false},"excerpt":{"rendered":"<p>Der 2011 gebaute &#8222;barrierefreie&#8220; Bungalow befindet sich \u00f6stlich auf dem Grundst\u00fcck der &#8222;Pension Kiefernduene&#8220; Der Bungalow besteht aus: Bungalow (rechts), 25 m\u00b2 gro\u00dfe 1-Raum-Ferienwohnung f\u00fcr 2 Personen &#8211; barrierefreier Wohn-\/Schlafraum mit Doppelbettcouch, Essecke, Kamin, K\u00fcchenzeile\u00a0mit Sp\u00fclmaschine, Fernsehen SAT\/Radio, Bad mit [&hellip;]<\/p>\n","protected":false},"author":2,"featured_media":0,"parent":0,"menu_order":0,"comment_status":"closed","ping_status":"closed","template":"","meta":{"jetpack_post_was_ever_published":false,"footnotes":""},"class_list":["post-416","page","type-page","status-publish","hentry"],"jetpack_sharing_enabled":false,"jetpack_shortlink":"https:\/\/wp.me\/P6jQCj-6I","_links":{"self":[{"href":"https:\/\/www.kiefernduene.de\/wordpress\/wp-json\/wp\/v2\/pages\/416","targetHints":{"allow":["GET"]}}],"collection":[{"href":"https:\/\/www.kiefernduene.de\/wordpress\/wp-json\/wp\/v2\/pages"}],"about":[{"href":"https:\/\/www.kiefernduene.de\/wordpress\/wp-json\/wp\/v2\/types\/page"}],"author":[{"embeddable":true,"href":"https:\/\/www.kiefernduene.de\/wordpress\/wp-json\/wp\/v2\/users\/2"}],"replies":[{"embeddable":true,"href":"https:\/\/www.kiefernduene.de\/wordpress\/wp-json\/wp\/v2\/comments?post=416"}],"version-history":[{"count":5,"href":"https:\/\/www.kiefernduene.de\/wordpress\/wp-json\/wp\/v2\/pages\/416\/revisions"}],"predecessor-version":[{"id":968,"href":"https:\/\/www.kiefernduene.de\/wordpress\/wp-json\/wp\/v2\/pages\/416\/revisions\/968"}],"wp:attachment":[{"href":"https:\/\/www.kiefernduene.de\/wordpress\/wp-json\/wp\/v2\/media?parent=416"}],"curies":[{"name":"wp","href":"https:\/\/api.w.org\/{rel}","templated":true}]}}